{"id":157,"date":"2022-01-17T10:43:41","date_gmt":"2022-01-17T09:43:41","guid":{"rendered":"https:\/\/www.ill.najeti.fr\/politique-de-protection-des-donnees\/"},"modified":"2025-05-26T17:23:23","modified_gmt":"2025-05-26T15:23:23","slug":"datenschutzpolitik","status":"publish","type":"page","link":"https:\/\/www.ill.najeti.fr\/de\/politique-de-protection-des-donnees\/","title":{"rendered":"Datenschutzrichtlinie"},"content":{"rendered":"<div data-elementor-type=\"wp-page\" data-elementor-id=\"157\" class=\"elementor elementor-157\" data-elementor-post-type=\"page\">\n\t\t\t\t<div class=\"elementor-element elementor-element-6ac8aa4 e-con-full e-flex e-con e-parent\" data-id=\"6ac8aa4\" data-element_type=\"container\" data-e-type=\"container\" data-settings=\"{&quot;background_background&quot;:&quot;classic&quot;,&quot;_ob_use_container_extras&quot;:&quot;no&quot;,&quot;_ob_column_hoveranimator&quot;:&quot;no&quot;,&quot;_ob_glider_is_slider&quot;:&quot;no&quot;,&quot;_ob_column_has_pseudo&quot;:&quot;no&quot;}\">\n\t\t<div class=\"elementor-element elementor-element-6aebc41 e-flex e-con-boxed e-con e-child\" data-id=\"6aebc41\" data-element_type=\"container\" data-e-type=\"container\" data-settings=\"{&quot;_ob_use_container_extras&quot;:&quot;no&quot;,&quot;_ob_column_hoveranimator&quot;:&quot;no&quot;,&quot;_ob_glider_is_slider&quot;:&quot;no&quot;,&quot;_ob_column_has_pseudo&quot;:&quot;no&quot;}\">\n\t\t\t\t\t<div class=\"e-con-inner\">\n\t\t\t\t\t<\/div>\n\t\t\t\t<\/div>\n\t\t\t\t<div class=\"elementor-element elementor-element-67db62c ob-has-background-overlay elementor-widget elementor-widget-image\" data-id=\"67db62c\" data-element_type=\"widget\" data-e-type=\"widget\" data-settings=\"{&quot;_ob_photomorph_use&quot;:&quot;no&quot;,&quot;_ob_widget_stalker_use&quot;:&quot;no&quot;,&quot;_ob_poopart_use&quot;:&quot;yes&quot;,&quot;_ob_shadough_use&quot;:&quot;no&quot;,&quot;_ob_allow_hoveranimator&quot;:&quot;no&quot;}\" data-widget_type=\"image.default\">\n\t\t\t\t<div class=\"elementor-widget-container\">\n\t\t\t\t\t\t\t\t\t\t\t\t\t\t\t<img fetchpriority=\"high\" decoding=\"async\" width=\"583\" height=\"221\" src=\"https:\/\/www.ill.najeti.fr\/wp-content\/uploads\/2024\/02\/logotype-hotel-ill_BLANC-1.svg\" class=\"attachment-full size-full wp-image-6125\" alt=\"\" title=\"\">\t\t\t\t\t\t\t\t\t\t\t\t\t\t\t<\/div>\n\t\t\t\t<\/div>\n\t\t<div class=\"elementor-element elementor-element-e6204dd e-flex e-con-boxed e-con e-child\" data-id=\"e6204dd\" data-element_type=\"container\" data-e-type=\"container\" data-settings=\"{&quot;_ob_use_container_extras&quot;:&quot;no&quot;,&quot;_ob_column_hoveranimator&quot;:&quot;no&quot;,&quot;_ob_glider_is_slider&quot;:&quot;no&quot;,&quot;_ob_column_has_pseudo&quot;:&quot;no&quot;}\">\n\t\t\t\t\t<div class=\"e-con-inner\">\n\t\t\t\t<div class=\"elementor-element elementor-element-86a4b00 elementor-align-center ob-has-background-overlay elementor-widget elementor-widget-button\" data-id=\"86a4b00\" data-element_type=\"widget\" data-e-type=\"widget\" data-settings=\"{&quot;_ob_butterbutton_use_it&quot;:&quot;no&quot;,&quot;_ob_widget_stalker_use&quot;:&quot;no&quot;,&quot;_ob_poopart_use&quot;:&quot;yes&quot;,&quot;_ob_shadough_use&quot;:&quot;no&quot;,&quot;_ob_allow_hoveranimator&quot;:&quot;no&quot;}\" data-widget_type=\"button.default\">\n\t\t\t\t<div class=\"elementor-widget-container\">\n\t\t\t\t\t\t\t\t\t<div class=\"elementor-button-wrapper\">\n\t\t\t\t\t<a class=\"elementor-button elementor-button-link elementor-size-lg\" href=\"#ecran2\">\n\t\t\t\t\t\t<span class=\"elementor-button-content-wrapper\">\n\t\t\t\t\t\t<span class=\"elementor-button-icon\">\n\t\t\t\t<svg xmlns=\"http:\/\/www.w3.org\/2000\/svg\" width=\"39.167\" height=\"22.394\" viewbox=\"0 0 39.167 22.394\"><path id=\"Icon_ionic-ios-arrow-down\" data-name=\"Icon ionic-ios-arrow-down\" d=\"M25.778,26.89l14.81-14.821a2.787,2.787,0,0,1,3.953,0,2.822,2.822,0,0,1,0,3.965L27.76,32.825a2.794,2.794,0,0,1-3.86.082L7,16.045a2.8,2.8,0,0,1,3.953-3.965Z\" transform=\"translate(-6.188 -11.247)\" fill=\"#fff\"><\/path><\/svg>\t\t\t<\/span>\n\t\t\t\t\t\t\t\t<\/span>\n\t\t\t\t\t<\/a>\n\t\t\t\t<\/div>\n\t\t\t\t\t\t\t\t<\/div>\n\t\t\t\t<\/div>\n\t\t\t\t\t<\/div>\n\t\t\t\t<\/div>\n\t\t\t\t<\/div>\n\t\t\t\t<section class=\"elementor-section elementor-top-section elementor-element elementor-element-be7c30a elementor-section-boxed elementor-section-height-default elementor-section-height-default\" data-id=\"be7c30a\" data-element_type=\"section\" data-e-type=\"section\" id=\"ecran2\" data-settings=\"{&quot;background_background&quot;:&quot;classic&quot;,&quot;_ob_glider_is_slider&quot;:&quot;no&quot;}\">\n\t\t\t\t\t\t<div class=\"elementor-container elementor-column-gap-default\">\n\t\t\t\t\t<div class=\"elementor-column elementor-col-100 elementor-top-column elementor-element elementor-element-c0ca6be\" data-id=\"c0ca6be\" data-element_type=\"column\" data-e-type=\"column\" data-settings=\"{&quot;_ob_column_hoveranimator&quot;:&quot;no&quot;,&quot;_ob_column_has_pseudo&quot;:&quot;no&quot;}\">\n\t\t\t<div class=\"elementor-widget-wrap elementor-element-populated\">\n\t\t\t\t\t\t<div class=\"elementor-element elementor-element-956901d ob-harakiri-inherit ob-has-background-overlay elementor-widget elementor-widget-heading\" data-id=\"956901d\" data-element_type=\"widget\" data-e-type=\"widget\" data-settings=\"{&quot;_ob_use_harakiri&quot;:&quot;yes&quot;,&quot;_ob_harakiri_writing_mode&quot;:&quot;inherit&quot;,&quot;_ob_harakiri_text_clip&quot;:&quot;none&quot;,&quot;_ob_widget_stalker_use&quot;:&quot;no&quot;,&quot;_ob_poopart_use&quot;:&quot;yes&quot;,&quot;_ob_shadough_use&quot;:&quot;no&quot;,&quot;_ob_allow_hoveranimator&quot;:&quot;no&quot;}\" data-widget_type=\"heading.default\">\n\t\t\t\t<div class=\"elementor-widget-container\">\n\t\t\t\t\t<h1 class=\"elementor-heading-title elementor-size-default\">\/ Schutzpolitik <br \/>der Daten<\/h1>\t\t\t\t<\/div>\n\t\t\t\t<\/div>\n\t\t\t\t<div class=\"elementor-element elementor-element-edead17 ob-harakiri-inherit ob-has-background-overlay elementor-widget elementor-widget-text-editor\" data-id=\"edead17\" data-element_type=\"widget\" data-e-type=\"widget\" data-settings=\"{&quot;_ob_use_harakiri&quot;:&quot;yes&quot;,&quot;_ob_harakiri_writing_mode&quot;:&quot;inherit&quot;,&quot;_ob_postman_use&quot;:&quot;no&quot;,&quot;_ob_widget_stalker_use&quot;:&quot;no&quot;,&quot;_ob_poopart_use&quot;:&quot;yes&quot;,&quot;_ob_shadough_use&quot;:&quot;no&quot;,&quot;_ob_allow_hoveranimator&quot;:&quot;no&quot;}\" data-widget_type=\"text-editor.default\">\n\t\t\t\t<div class=\"elementor-widget-container\">\n\t\t\t\t\t\t\t\t\t<p>Die vorliegende Datenschutzrichtlinie regelt den Zugang und die Nutzung der von Najeti als Eigent\u00fcmer der schutzf\u00e4higen Daten angebotenen Dienste und Aktivit\u00e4ten durch die Nutzer in Anwendung der geltenden Vorschriften \u00fcber den Schutz personenbezogener Daten.<\/p><p>Najeti h\u00e4lt sich strikt an die geltenden Gesetze zum Schutz personenbezogener Daten und an die Vertraulichkeitsverpflichtungen, die mit seiner T\u00e4tigkeit verbunden sind.<\/p><p><strong>1. VERANTWORTLICHER F\u00dcR DIE VERARBEITUNG<\/strong><\/p><p>Wir informieren Sie, dass Najeti SAS mit Sitz in Chemin des bois in Acquin-Westb\u00e9court (62380) Frankreich, telefonisch erreichbar unter 03.21.39.43.32 und per E-Mail an\u00a0<a href=\"mailto:contact@najeti.com\">contact@najeti.com<\/a>ist der Verantwortliche f\u00fcr die Verarbeitung Ihrer personenbezogenen Daten.<\/p><p><strong>2. KATEGORIEN DER VERARBEITETEN PERSONENBEZOGENEN DATEN<\/strong><\/p><p>Die personenbezogenen Daten, die Gegenstand der Verarbeitung sind, sind die personenbezogenen Daten, die der Nutzer Najeti durch Ausf\u00fcllen des Online-Anmeldeformulars, \u00fcber soziale Netzwerke, \u00fcber den Kundenservice oder auf anderem Wege (Telefon, E-Mail, Kontaktformular auf der Website) \u00fcbermittelt hat.\u00a0<a href=\"https:\/\/www.najeti.fr\/\" target=\"_blank\" rel=\"nofollow noopener\">www.najeti.fr<\/a>).<\/p><p><strong>Bei der Nutzung von sozialen Netzwerken gilt die dort festgelegte Datenschutzrichtlinie.<\/strong><\/p><p>Die Datenkategorien, \u00fcber die Najeti verf\u00fcgen k\u00f6nnte, sind :<\/p><p>Verbrauchernutzer :<\/p><ul><li>Identifikationsdaten: Vorname, Nachname, Bild, Ausweisdokument, Nutzer in Sozialen Netzwerken (Vorname und Nachname, wenn \u00fcber ein Soziales Netzwerk zugegriffen oder interagiert wird).<\/li><li>Kontaktdaten: Telefon, E-Mail, Wohnort, Nutzer in Sozialen Netzwerken (E-Mail, bei Zugriff oder Interaktion \u00fcber ein Soziales Netzwerk).<\/li><li>Pers\u00f6nliche Daten: Geburtsdatum, Geburtsort, Nationalit\u00e4t, Geschlecht.<\/li><li><strong>Wirtschafts- und Finanzdaten (ggf. Bankdaten).<\/strong><\/li><\/ul><p>Professionelle Nutzer :<\/p><ul><li>Identifikationsdaten: Vorname, Nachname, Bild, Ausweisdokument.<\/li><li>korporative Kontaktdaten: Telefon, E-Mail, Wohnort.<\/li><li><strong>Gesch\u00e4ftsdaten: T\u00e4tigkeit, auf der Karteikarte angegebene Daten\/pers\u00f6nliches Profil, SIRET, MwSt.-Nr.<\/strong><\/li><\/ul><p>F\u00fcr den Fall, dass Nutzerdaten \u00fcber ein soziales Netzwerk gesammelt werden, gilt die Datenschutzrichtlinie, die dem jeweiligen sozialen Netzwerk entspricht.<\/p><p><strong>3. OBLIGATORISCHER ODER FREIWILLIGER CHARAKTER DER VOM NUTZER BEREITGESTELLTEN INFORMATIONEN UND WAHRHEITSGEHALT DER DATEN<\/strong><\/p><p>Die mit einem Sternchen (*) gekennzeichneten Felder auf dem Anmeldeformular, die der Nutzer ausf\u00fcllen muss, sind unbedingt erforderlich, um seine Anfrage beantworten zu k\u00f6nnen; die Eingabe von Daten in die anderen Felder ist freiwillig.<\/p><p>Dar\u00fcber hinaus werden die Nutzer in Bezug auf Daten, die auf andere Weise bereitgestellt werden, zum Zeitpunkt der Verarbeitung dar\u00fcber informiert, ob sie solche Daten bereitstellen m\u00fcssen oder nicht.<\/p><p>Der Nutzer garantiert, dass die Najeti zur Verf\u00fcgung gestellten personenbezogenen Daten wahrheitsgem\u00e4\u00df und aktuell sind, und verpflichtet sich, die Verantwortung f\u00fcr die Mitteilung von \u00c4nderungen dieser Daten zu \u00fcbernehmen: Der Nutzer ist allein verantwortlich f\u00fcr ungenaue oder falsche Daten, die zur Verf\u00fcgung gestellt wurden, und f\u00fcr Sch\u00e4den, die Najeti oder Dritten durch die Nutzung der Najeti zur Verf\u00fcgung gestellten Dienste entstehen. Dar\u00fcber hinaus erkl\u00e4rt Najeti, dass die gesammelten Daten im Hinblick auf den Rahmen, die Zwecke und die festgelegten Dienste angemessen, relevant und nicht \u00fcberm\u00e4\u00dfig sein werden.<\/p><p><strong>4. ZWECK UND LEGITIMATION DER VERARBEITUNG<\/strong><\/p><p>Die Daten der Nutzer, die Najeti auf beliebige Weise zur Verf\u00fcgung gestellt werden, damit Najeti die von den Nutzern gew\u00fcnschten Dienstleistungen und Produkte anbieten kann, werden zu folgenden Zwecken gesammelt:<\/p><ul><li>die Buchung eines Zimmers auf den Internetseiten von Najeti zu erm\u00f6glichen,<\/li><li>auf eine Anfrage nach einem Kostenvoranschlag oder die Registrierung einer Buchung im Rahmen einer Gruppenanfrage zu antworten,<\/li><li>auf eine Anfrage zur Anmeldung f\u00fcr den Najeti-Newsletter zu antworten,<\/li><li>die Erstellung eines Kontos auf der Website zu erm\u00f6glichen\u00a0<a href=\"https:\/\/www.najeti.fr\/\" target=\"_blank\" rel=\"nofollow noopener\">www.najeti.fr<\/a>,<\/li><li>alle Informationsanfragen per Telefon oder \u00fcber das Kontaktformular der Websites zu bearbeiten, damit der Kundenservice von Najeti die Anfragen bearbeiten und die Korrespondenz nachverfolgen kann,<\/li><li>Werbung f\u00fcr die auf den Sites angebotenen Hotels und Dienstleistungen, damit die Nutzer unsere Einrichtungen kennenlernen k\u00f6nnen,<\/li><li>eine fl\u00fcssige und dynamische Kommunikation mit den Nutzern \u00fcber alle Medien, einschlie\u00dflich sozialer Netzwerke und Instant-Messaging-Mittel, aufrechterhalten.<\/li><\/ul><p>In solchen F\u00e4llen gilt, vorbehaltlich der Anwendung der Datenschutzrichtlinie von Najeti, auch die Datenschutzrichtlinie des entsprechenden sozialen Netzwerks oder Instant-Messaging-Mediums. Wir empfehlen Ihnen, diese Datenschutzrichtlinien sorgf\u00e4ltig zu analysieren.<\/p><p>Najeti ist berechtigt, die Daten der Nutzer zu den oben genannten Zwecken zu verarbeiten, um seine vertraglichen Verpflichtungen als Ergebnis der von den Nutzern gestellten Anfrage zu erf\u00fcllen.<\/p><p>Die Daten der Nutzer, die Najeti auf beliebigem Wege zur Verf\u00fcgung gestellt werden, werden ebenfalls zu folgenden Zwecken gesammelt:<\/p><ul><li>Analyse der Daten f\u00fcr Bildungszwecke und\/oder Statistiken.<\/li><li>Grundlegende Aktivit\u00e4ten zur inhaltlichen Analyse der bereitgestellten Informationen und zur Erstellung von Profilen, die f\u00fcr eine angemessene Verwaltung der von Najeti angebotenen Aktivit\u00e4ten und Dienstleistungen bestimmt sind.<\/li><\/ul><p>Najeti ist berechtigt, die Daten der Nutzer zu dem oben genannten Zweck zu verarbeiten, der ein legitimes Interesse des Unternehmens darstellt, das ausdr\u00fccklich durch die Datenschutzbestimmungen anerkannt wird, um den Dienst ordnungsgem\u00e4\u00df verleihen zu k\u00f6nnen.<\/p><p>Dar\u00fcber hinaus werden die Daten der Nutzer, die Najeti auf beliebigem Wege zur Verf\u00fcgung gestellt werden, ebenfalls zu folgendem Zweck gesammelt:<\/p><ul><li>Versand von elektronischen Werbemitteilungen und Informationen \u00fcber Angebote von Najeti. Diese elektronischen Werbemitteilungen werden w\u00e4hrend der Dauer der Beziehung zwischen dem Nutzer und Najeti versandt, einschlie\u00dflich der Beendigung dieser Beziehung, sofern der Nutzer nicht dagegen Einspruch erhebt. Najeti sieht zwei Mechanismen vor, die es Nutzern auf Wunsch erm\u00f6glichen, diese Dienste einfach, schnell und kostenlos zu \u00e4ndern oder zu l\u00f6schen, indem sie den Kundenservice kontaktieren<ul><li>per Telefon unter 03.21.39.43.32,<\/li><li>per E-Mail an die Adresse\u00a0<a href=\"mailto:contact@najeti.com\">contact@najeti.com<\/a>,<\/li><li>oder indem Sie den Anweisungen folgen, die unten auf der Seite der elektronischen Kommunikation angegeben sind (Bitte um Abmeldung).<\/li><\/ul><\/li><\/ul><p>Najeti ist berechtigt, die Daten der Nutzer zu dem oben genannten Zweck zu verarbeiten, wie es das geltende Recht ausdr\u00fccklich erlaubt:<\/p><ul><li><strong>f\u00fcr den Fall, dass der Nutzer seine Zustimmung gegeben hat<\/strong><\/li><li>und\/oder wenn die gesendeten Informationen Dienstleistungen betreffen, die den Produkten und Dienstleistungen \u00e4hnlich sind, die Gegenstand eines vorherigen Austauschs oder einer Verhandlung waren, unter der ausdr\u00fccklichen Bedingung, dass der Nutzer sich nicht daf\u00fcr entschieden hat, den Erhalt dieser Mitteilungen einzustellen.<\/li><\/ul><p><strong>5. AUTOMATISIERTE ENTSCHEIDUNGEN<\/strong><\/p><p>Najeti trifft keine Entscheidungen, die sich auf den Nutzer beziehen k\u00f6nnen, die ausschlie\u00dflich auf der automatischen Verarbeitung seiner pers\u00f6nlichen Daten beruhen. Alle Entscheidungsprozesse, die sich auf die oben beschriebenen Zwecke der Verarbeitung beziehen, erfordern menschliches Eingreifen.<\/p><p><strong>6. \u00dcBERTRAGUNG VON PERSONENBEZOGENEN DATEN AN DRITTE<\/strong><\/p><p>Angesichts der Art des Dienstes und zur Erf\u00fcllung der Verpflichtungen, die sich aus den von den Nutzern abonnierten Diensten ergeben, m\u00fcssen solche Daten an alle in Absatz 5 genannten Empf\u00e4nger weitergegeben werden. Insofern beruht dieses Recht auf der Erf\u00fcllung der vertraglichen Verpflichtungen.<\/p><p>Dar\u00fcber hinaus k\u00f6nnen ihre Daten aus den dort erl\u00e4uterten Gr\u00fcnden an die unten aufgef\u00fchrten Empf\u00e4nger weitergegeben werden:<\/p><ul><li>\u00f6ffentliche Verwaltungen: zur Einhaltung der gesetzlichen Verpflichtungen, denen Najeti aufgrund seiner T\u00e4tigkeit unterliegt,<\/li><li>Dritte Dienstleister; Najeti teilt Ihre personenbezogenen Daten mit bestimmten dritten Dienstleistern:<ul><li>Sie haben nur Zugang zu den personenbezogenen Daten, die sie ben\u00f6tigen, um diese Dienstleistungen zu erbringen.<\/li><li>Sie sind angewiesen, Ihre pers\u00f6nlichen Daten vertraulich zu behandeln, und es ist ihnen nicht gestattet, sie f\u00fcr einen anderen als den angeforderten Zweck in \u00dcbereinstimmung mit dieser Datenschutzrichtlinie zu verwenden.<\/li><\/ul><\/li><\/ul><p>Diese Drittanbieter sind Dritte, die Mailing-Dienste \u00fcbernehmen k\u00f6nnen.<\/p><p>Unter keinen Umst\u00e4nden wird Najeti Ihre pers\u00f6nlichen Daten an andere kommerzielle Unternehmen oder private Einrichtungen weiterverkaufen, teilen oder weitergeben.<\/p><p><strong>7. AUFBEWAHRUNGSFRIST<\/strong><\/p><p>Die Daten des Nutzers werden f\u00fcr die Dauer seiner Beziehung zu Najeti und nach Beendigung dieser Beziehung, aus welchem Grund auch immer, f\u00fcr die Fristen der anwendbaren gesetzlichen Vorschriften in Bezug auf die legitimen Zwecke der Verarbeitung seiner personenbezogenen Daten aufbewahrt.<\/p><p>Nach Beendigung dieser Beziehung werden die personenbezogenen Daten ausschlie\u00dflich zu dem Zweck verarbeitet, die Einhaltung unserer gesetzlichen und vertraglichen Verpflichtungen zu rechtfertigen. Nach Ablauf dieser Verj\u00e4hrungsfristen werden seine Daten gel\u00f6scht oder alternativ anonymisiert.<\/p><p>Wenn der Nutzer darum bittet, sich von dem Dienst abzumelden, wird Najeti diese Bitte durch L\u00f6schen des Profils und der Identifikationsdaten des Nutzers auf der Website (Vorname, Nachname und E-Mail) bearbeiten, w\u00e4hrend die \u00fcbrigen Inhalte des Nutzers, die in das Buchungssystem integriert sind, erhalten bleiben.<\/p><p><strong>8. NUTZERRECHTE UND BESCHWERDEN<\/strong><\/p><p>Der Nutzer kann seine Rechte auf Zugang, Berichtigung, L\u00f6schung, \u00dcbertragbarkeit, Einschr\u00e4nkung und\/oder Widerspruch gegen die Verarbeitung aus\u00fcben.<\/p><p>Diese Rechte k\u00f6nnen durch die eigene Konfiguration der Website ausge\u00fcbt werden. Bei Schwierigkeiten, dies online zu tun, oder bei anderen Zweifeln oder Kontroversen bez\u00fcglich unserer Datenschutzpolitik k\u00f6nnen Sie sich direkt an Najeti, Chemin des Bois in Acquin-Westb\u00e9court (62380), wenden, oder \u00fcber unsere E-Mail :\u00a0<a href=\"mailto:contact@najeti.com\">contact@najeti.com<\/a>\u00a0unter Angabe des Gegenstands als Referenz.<\/p><p>Wenn Sie der Ansicht sind, dass die Verarbeitung Ihrer personenbezogenen Daten gegen Vorschriften oder Ihre Rechte verst\u00f6\u00dft, k\u00f6nnen Sie eine Beschwerde bei Najeti oder bei der CNIL \u00fcber deren elektronischen Dienst oder an die folgende Postadresse einreichen:<\/p><p>Commission Nationale de l'Informatique et des Libert\u00e9s (Nationale Kommission f\u00fcr Informatik und Freiheiten)<br \/>3 Place de Fontenoy<br \/>TSA 80715<br \/>75334 PARIS CEDEX 07<\/p><p><strong>9. SICHERHEIT<\/strong><\/p><p>Najeti informiert die Nutzer, dass sie die von den geltenden Vorschriften vorgeschriebenen technischen und organisatorischen Ma\u00dfnahmen ergriffen hat, die die Sicherheit der personenbezogenen Daten gew\u00e4hrleisten und deren \u00c4nderung, Verlust, unbefugte Verarbeitung oder unbefugten Zugriff verhindern k\u00f6nnen, wobei der Stand der Technik, die Art der gespeicherten Daten und die Risiken, denen sie ausgesetzt sind, ber\u00fccksichtigt werden.<\/p><p><strong>10. COOKIES UND IP<\/strong><\/p><p>Der Nutzer stimmt der Verwendung von Cookies und IP-Tracking zu.<\/p><p>Unser Website-Traffic-Analyzer verwendet Cookies und IP-Tracking, die es uns erm\u00f6glichen, Daten f\u00fcr statistische Zwecke zu sammeln, wie z. B.: Datum des ersten Besuchs, Anzahl der Besuche, Datum des letzten Besuchs, URL und Domain, von der die Seite stammt, verwendeter Browser und Bildschirmaufl\u00f6sung. Wenn der Nutzer dies w\u00fcnscht, kann er diese Cookies jedoch deaktivieren und\/oder l\u00f6schen, indem er den Anweisungen seines Webbrowsers folgt.<\/p><p>F\u00fcr weitere Informationen zu unserer Cookie-Richtlinie klicken Sie bitte auf den folgenden Link:\u00a0<a href=\"https:\/\/www.najeti.fr\/home\/mentions-legales\" target=\"_blank\" rel=\"nofollow noopener\">https:\/\/www.najeti.fr\/home\/mentions-legales<\/a><\/p><p><strong>11. \u00c4NDERUNG DER CGU UND DER DATENSCHUTZRICHTLINIE<\/strong><\/p><p>Najeti verpflichtet sich, Sie \u00fcber wesentliche \u00c4nderungen dieser AGB zu informieren und das Niveau der Vertraulichkeit Ihrer Daten nicht wesentlich zu senken, ohne Sie dar\u00fcber zu informieren und Ihre Zustimmung einzuholen.<\/p><p>Sie erkl\u00e4ren sich ausdr\u00fccklich damit einverstanden, dass alle Streitigkeiten, die sich aus den vorliegenden ANB ergeben k\u00f6nnen, insbesondere aus ihrer Auslegung oder Ausf\u00fchrung, einem Schiedsverfahren unterliegen, das den Regeln der gemeinsam ausgew\u00e4hlten Schiedsplattform unterliegt, denen Sie sich vorbehaltlos anschlie\u00dfen.<\/p><p><strong>12. KONTAKT<\/strong><\/p><p>Sie k\u00f6nnen Najeti \u00fcber die oben angegebene E-Mail- und Postadresse oder telefonisch unter der im Impressum angegebenen Nummer kontaktieren. Im Falle von Telefonanrufen informiert Sie Najeti dar\u00fcber, dass Ihr Anruf aus Gr\u00fcnden der Servicequalit\u00e4t und zur Verfolgung der Abwicklung von Vorf\u00e4llen aufgezeichnet werden kann.<\/p>\t\t\t\t\t\t\t\t<\/div>\n\t\t\t\t<\/div>\n\t\t\t\t\t<\/div>\n\t\t<\/div>\n\t\t\t\t\t<\/div>\n\t\t<\/section>\n\t\t\t\t<\/div>","protected":false},"excerpt":{"rendered":"<p>\/ politique de protection des donn\u00e9es La pr\u00e9sente politique en mati\u00e8re de protection de la vie priv\u00e9e r\u00e9glemente l\u2019acc\u00e8s et l\u2019utilisation par les utilisateurs des services et activit\u00e9s propos\u00e9s par Najeti, en tant que propri\u00e9taire des donn\u00e9es susceptibles d\u2019\u00eatre prot\u00e9g\u00e9es, par application de la r\u00e9glementation en vigueur sur la protection de donn\u00e9es \u00e0 caract\u00e8re personnel. [&hellip;]<\/p>\n","protected":false},"author":6,"featured_media":0,"parent":0,"menu_order":11,"comment_status":"closed","ping_status":"closed","template":"","meta":{"_acf_changed":false,"inline_featured_image":false,"footnotes":""},"class_list":["post-157","page","type-page","status-publish","hentry"],"acf":[],"_links":{"self":[{"href":"https:\/\/www.ill.najeti.fr\/de\/wp-json\/wp\/v2\/pages\/157","targetHints":{"allow":["GET"]}}],"collection":[{"href":"https:\/\/www.ill.najeti.fr\/de\/wp-json\/wp\/v2\/pages"}],"about":[{"href":"https:\/\/www.ill.najeti.fr\/de\/wp-json\/wp\/v2\/types\/page"}],"author":[{"embeddable":true,"href":"https:\/\/www.ill.najeti.fr\/de\/wp-json\/wp\/v2\/users\/6"}],"replies":[{"embeddable":true,"href":"https:\/\/www.ill.najeti.fr\/de\/wp-json\/wp\/v2\/comments?post=157"}],"version-history":[{"count":22,"href":"https:\/\/www.ill.najeti.fr\/de\/wp-json\/wp\/v2\/pages\/157\/revisions"}],"predecessor-version":[{"id":6729,"href":"https:\/\/www.ill.najeti.fr\/de\/wp-json\/wp\/v2\/pages\/157\/revisions\/6729"}],"wp:attachment":[{"href":"https:\/\/www.ill.najeti.fr\/de\/wp-json\/wp\/v2\/media?parent=157"}],"curies":[{"name":"wp","href":"https:\/\/api.w.org\/{rel}","templated":true}]}}